{"id":143,"date":"2016-05-19T17:13:20","date_gmt":"2016-05-19T17:13:20","guid":{"rendered":"http:\/\/test.kriesi.at\/enfold-health-coach\/?page_id=143"},"modified":"2024-09-10T13:34:26","modified_gmt":"2024-09-10T11:34:26","slug":"startseite","status":"publish","type":"page","link":"https:\/\/www.heilpaedagogik-gundelfingen.de\/","title":{"rendered":"Startseite"},"content":{"rendered":"<div class=\"flex_column av_one_full  flex_column_div av-zero-column-padding first  \" style='border-radius:0px; '><\/div>\n<div id='fullscreen_slider_1' class='avia-fullscreen-slider main_color   container_wrap sidebar_right'   ><a href='#next-section' title='' class='scroll-down-link av-control-hidden' aria-hidden='true' data-av_icon='\ue877' data-av_iconfont='entypo-fontello'><\/a><div  data-size='no scaling'  data-lightbox_size='large'  data-animation='fade'  data-conditional_play=''  data-ids='511,514'  data-video_counter='0'  data-autoplay='true'  data-bg_slider='true'  data-slide_height='100'  data-handle='av_fullscreen'  data-interval='7'  data-class=' '  data-css_id='fullscreen_slider_1'  data-scroll_down='aviaTBscroll_down'  data-control_layout='av-control-hidden'  data-custom_markup=''  data-perma_caption='aviaTBperma_caption'  data-autoplay_stopper=''  data-image_attachment=''  data-min_height='0px'  data-stretch=''  class='avia-slideshow avia-slideshow-1 av-slider-scroll-down-active av-control-hidden av-default-height-applied avia-slideshow-no scaling av_fullscreen   avia-fade-slider '  itemprop=\"ImageObject\" itemscope=\"itemscope\" itemtype=\"https:\/\/schema.org\/ImageObject\" ><ul class='avia-slideshow-inner ' style='padding-bottom: 66.018306636156%;' ><li style='background-position:center center;' data-img-url='https:\/\/www.heilpaedagogik-gundelfingen.de\/wp-content\/uploads\/2016\/12\/9454503674_de923f6b09_o_prime_code.jpg' class=' slide-1 ' ><div data-rel='slideshow-1' class='avia-slide-wrap '   ><div class='av-section-color-overlay' style='opacity: 0.3; background-color: #000000; '><\/div><\/div><\/li><li style='background-position:center center;' data-img-url='https:\/\/www.heilpaedagogik-gundelfingen.de\/wp-content\/uploads\/2016\/05\/2253148471_342a920bb2_o.jpg' class=' slide-2 ' ><div data-rel='slideshow-1' class='avia-slide-wrap '   ><\/div><\/li><\/ul><div class='avia-slideshow-arrows avia-slideshow-controls'><a href='#prev' class='prev-slide' aria-hidden='true' data-av_icon='\ue87c' data-av_iconfont='entypo-fontello'>Zur\u00fcck<\/a><a href='#next' class='next-slide' aria-hidden='true' data-av_icon='\ue87d' data-av_iconfont='entypo-fontello'>Weiter<\/a><\/div><div class='avia-slideshow-dots avia-slideshow-controls'><a href='#1' class='goto-slide active' >1<\/a><a href='#2' class='goto-slide ' >2<\/a><\/div><div class = \"caption_fullwidth av-slideshow-caption caption_center\"><div class = \"container caption_container\"><div class = \"slideshow_caption\"><div class = \"slideshow_inner_caption\"><div class = \"slideshow_align_caption\"><h2  style='font-size:65px; ' class='avia-caption-title '  itemprop=\"name\" >Kinder st\u00e4rken \u2013<br \/>\nEltern unterst\u00fctzen<\/h2><div class='avia-caption-content  av_inherit_color'  itemprop=\"description\"   style='font-size:24px; '><p>Sch\u00f6n, dass Sie sich f\u00fcr die Heilp\u00e4dagogische Praxis in Gundelfingen interessieren.<\/p>\n<\/div><\/div><\/div><\/div><\/div><\/div><\/div><\/div>\n<\/div><\/div><\/div><!-- close content main div --><\/div><\/div><div id='welcome' class='av-layout-grid-container entry-content-wrapper main_color av-fixed-cells    container_wrap sidebar_right'   >\n<div class=\"flex_cell no_margin av_one_fourth   av-zero-padding \" style='height:15px; min-height:15px;vertical-align:top; padding:0px; background-color:#719430; '><div class='flex_cell_inner' ><\/div><\/div><div class=\"flex_cell no_margin av_one_fourth   av-zero-padding \" style='height:15px; min-height:15px;vertical-align:top; padding:0px; background-color:#92bb46; '><div class='flex_cell_inner' ><\/div><\/div><div class=\"flex_cell no_margin av_one_fourth   av-zero-padding \" style='height:15px; min-height:15px;vertical-align:top; padding:0px; background-color:#acd464; '><div class='flex_cell_inner' ><\/div><\/div><div class=\"flex_cell no_margin av_one_fourth   av-zero-padding \" style='height:15px; min-height:15px;vertical-align:top; padding:0px; background-color:#e1fbb2; '><div class='flex_cell_inner' ><\/div><\/div>\n<\/div>\n<div  class='hr hr-default  '><span class='hr-inner ' ><span class='hr-inner-style'><\/span><\/span><\/div>\n<\/div><\/div><\/div><!-- close content main div --><\/div><\/div><div id='hello' class='av-layout-grid-container entry-content-wrapper main_color av-flex-cells    container_wrap sidebar_right'   >\n<div class=\"flex_cell no_margin av_one_half   \" style='vertical-align:top; padding:100px; '><div class='flex_cell_inner' ><p><div style='padding-bottom:30px; font-size:70px;' class='av-special-heading av-special-heading-h1  blockquote modern-quote  av-inherit-size '><h1 class='av-special-heading-tag  av-medium-font-size-overwrite av-medium-font-size-30 av-small-font-size-overwrite av-small-font-size-15 av-mini-font-size-overwrite av-mini-font-size-11'  itemprop=\"headline\"  >Sie machen sich <u>Sorgen<\/u> um Ihr Kind?<\/h1><div class='special-heading-border'><div class='special-heading-inner-border' ><\/div><\/div><\/div><br \/>\n<section class=\"av_textblock_section \"  itemscope=\"itemscope\" itemtype=\"https:\/\/schema.org\/CreativeWork\" ><div class='avia_textblock  '   itemprop=\"text\" ><p>Wenn Sie sich als Eltern Gedanken \u00fcber die Entwicklung Ihres Kindes machen oder wenn Sie von \u00c4rzten, Erziehern oder Lehrern auf Schwierigkeiten im Verhalten Ihres Kindes hingewiesen werden, bieten wir Ihnen Unterst\u00fctzung und heilp\u00e4dagogische Begleitung an.<\/p>\n<\/div><\/section><br \/>\n<div class='avia-button-wrap avia-button-left '><a href='https:\/\/www.heilpaedagogik-gundelfingen.de\/?page_id=257'  class='avia-button   avia-icon_select-no avia-color-custom avia-size-medium avia-position-left '  style='background-color:#e6511e; border-color:#e6511e; color:#ffffff; ' ><span class='avia_iconbox_title' >H\u00e4ufig gestellte Fragen<\/span><\/a><\/div><br \/>\n<div style='height:20px' class='hr hr-invisible  '><span class='hr-inner ' ><span class='hr-inner-style'><\/span><\/span><\/div><br \/>\n<section class=\"av_textblock_section \"  itemscope=\"itemscope\" itemtype=\"https:\/\/schema.org\/CreativeWork\" ><div class='avia_textblock  '  style='font-size:29px; '  itemprop=\"text\" ><p><span style=\"text-decoration: underline;\"><span lang=\"DE\">Wir f\u00f6rdern und st\u00e4rken die F\u00e4higkeiten und Fertigkeiten von Kindern und Jugendlichen. <\/span><\/span><\/p>\n<\/div><\/section><\/p>\n<\/div><\/div><div class=\"flex_cell no_margin av_one_half   avia-full-stretch \" style='background:url(https:\/\/www.heilpaedagogik-gundelfingen.de\/wp-content\/uploads\/2016\/05\/3603491639_dac08d6889_o_Johann-Dr\u00e9o_-1030x687.jpg) center right no-repeat scroll; vertical-align:top; padding:100px; background-color:#719430; '><div class='flex_cell_inner' ><p><div style='padding-bottom:30px; color:#ffffff;font-size:70px;' class='av-special-heading av-special-heading-h1 custom-color-heading blockquote modern-quote  av-inherit-size '><h1 class='av-special-heading-tag  av-medium-font-size-overwrite av-medium-font-size-30'  itemprop=\"headline\"  >\u00dcber uns<\/h1><div class='special-heading-border'><div class='special-heading-inner-border' style='border-color:#ffffff'><\/div><\/div><\/div><br \/>\n<div class=\"flex_column av_one_full  flex_column_div av-zero-column-padding first  \" style='border-radius:0px; '><section class=\"av_textblock_section \"  itemscope=\"itemscope\" itemtype=\"https:\/\/schema.org\/CreativeWork\" ><div class='avia_textblock  av_inherit_color '  style='color:#ffffff; '  itemprop=\"text\" ><p>Die Heilp\u00e4dagogische Praxis in Gundelfingen gibt es seit 1986 und wird derzeit von Doris Weisser-Sch\u00e4licke und Judith Schukraft, zwei erfahrenen Heilp\u00e4dagoginnen, gef\u00fchrt.<\/p>\n<p>Wir arbeiten mit Kindern und Jugendlichen in unseren R\u00e4umen in Gundelfingen-Wildtal sowie in Kinderg\u00e4rten zwischen Freiburg und Emmendingen.<\/p>\n<\/div><\/section><\/div><div class='avia-button-wrap avia-button-left '><a href='https:\/\/www.heilpaedagogik-gundelfingen.de\/?page_id=253'  class='avia-button   avia-icon_select-no avia-color-custom avia-size-medium avia-position-left '  style='background-color:#e6511e; border-color:#e6511e; color:#ffffff; ' ><span class='avia_iconbox_title' >Praxis und Team<\/span><\/a><\/div><br \/>\n<div style='height:160px' class='hr hr-invisible  '><span class='hr-inner ' ><span class='hr-inner-style'><\/span><\/span><\/div><\/p>\n<\/div><\/div>\n<\/div>\n<\/div><\/div><\/div><!-- close content main div --><\/div><\/div><div id='welcome' class='av-layout-grid-container entry-content-wrapper main_color av-fixed-cells    container_wrap sidebar_right'   >\n<div class=\"flex_cell no_margin av_one_fifth   av-zero-padding \" style='height:15px; min-height:15px;vertical-align:top; padding:0px; background-color:#719430; '><div class='flex_cell_inner' ><\/div><\/div><div class=\"flex_cell no_margin av_three_fifth   \" style='height:15px; min-height:15px;vertical-align:middle; padding:50px 20px 50px 20px ; background-color:#92bb46; '><div class='flex_cell_inner' ><div style='padding-bottom:0px; color:#ffffff;font-size:50px;' class='av-special-heading av-special-heading-h1 custom-color-heading blockquote modern-quote modern-centered  av-inherit-size '><h1 class='av-special-heading-tag  av-medium-font-size-overwrite av-medium-font-size-35 av-small-font-size-overwrite av-small-font-size-35'  itemprop=\"headline\"  >Was wir f\u00fcr Ihre Kinder<br \/>\nund Ihre Familie tun k\u00f6nnen<\/h1><div class='special-heading-border'><div class='special-heading-inner-border' style='border-color:#ffffff'><\/div><\/div><\/div>\n<\/div><\/div><div class=\"flex_cell no_margin av_one_fifth   av-zero-padding \" style='height:15px; min-height:15px;vertical-align:top; padding:0px; background-color:#719430; '><div class='flex_cell_inner' ><\/div><\/div>\n<\/div>\n<\/div><\/div><\/div><!-- close content main div --><\/div><\/div><div id='av_section_1' class='avia-section main_color avia-section-huge avia-no-shadow av-parallax-section av-section-color-overlay-active avia-bg-style-parallax   container_wrap sidebar_right'  data-section-bg-repeat='no-repeat' ><div class='av-parallax' data-avia-parallax-ratio='0.3' ><div class='av-parallax-inner main_color  avia-full-stretch' style = 'background-repeat: no-repeat; background-image: url(https:\/\/www.heilpaedagogik-gundelfingen.de\/wp-content\/uploads\/2016\/05\/image4a-1500x1120.jpg);background-attachment: scroll; background-position: center center; ' ><\/div><\/div><div class='av-section-color-overlay-wrap'><div class='av-section-color-overlay' style='opacity: 0.9; background-color: #e6511e; '><\/div><div class='container' ><div class='template-page content  av-content-small alpha units'><div class='post-entry post-entry-type-page post-entry-143'><div class='entry-content-wrapper clearfix'>\n<div class=\"flex_column av_one_half  flex_column_div av-zero-column-padding first  \" style='border-radius:0px; '><article class=\"iconbox iconbox_left_content    \"  itemscope=\"itemscope\" itemtype=\"https:\/\/schema.org\/CreativeWork\" ><div class=\"iconbox_icon heading-color \" aria-hidden='true' data-av_icon='\ue8b7' data-av_iconfont='entypo-fontello'  style='background-color:#ffffff; border:1px solid #ffffff; color:#e6511e; ' ><\/div><div class=\"iconbox_content\"><header class=\"entry-content-header\"><h3 class='iconbox_content_title '  itemprop=\"headline\"   style='color:#ffffff; '>Spieltherapie<\/h3><\/header><div class='iconbox_content_container av_inherit_color '  itemprop=\"text\"   style='color:#ffffff; '><p>Wenn Kinder spielen, bearbeiten sie unbewusst, was sie erlebt haben. Sie lassen Gef\u00fchlen freien Lauf \u2013 und entwickeln L\u00f6sungen f\u00fcr die Herausforderungen des Lebens.<\/p>\n<\/div><\/div><footer class=\"entry-footer\"><\/footer><\/article><\/div><div class=\"flex_column av_one_half  flex_column_div av-zero-column-padding   \" style='border-radius:0px; '><article class=\"iconbox iconbox_left_content    \"  itemscope=\"itemscope\" itemtype=\"https:\/\/schema.org\/CreativeWork\" ><div class=\"iconbox_icon heading-color \" aria-hidden='true' data-av_icon='\ue8b9' data-av_iconfont='entypo-fontello'  style='background-color:#ffffff; border:1px solid #ffffff; color:#e6511e; ' ><\/div><div class=\"iconbox_content\"><header class=\"entry-content-header\"><h3 class='iconbox_content_title '  itemprop=\"headline\"   style='color:#ffffff; '>Fr\u00fchf\u00f6rderung<\/h3><\/header><div class='iconbox_content_container av_inherit_color '  itemprop=\"text\"   style='color:#ffffff; '><p>Kinder m\u00fcssen lernen, die Welt um sich herum wahrzunehmen, das eigene Verhalten zu steuern, mit anderen in Kontakt zu kommen \u2013 in Einzelsitzungen oder Kleingruppen geben wir dazu Impulse.<\/p>\n<\/div><\/div><footer class=\"entry-footer\"><\/footer><\/article><\/div><div class=\"flex_column av_one_half  flex_column_div av-zero-column-padding first  \" style='border-radius:0px; '><article class=\"iconbox iconbox_left_content    \"  itemscope=\"itemscope\" itemtype=\"https:\/\/schema.org\/CreativeWork\" ><div class=\"iconbox_icon heading-color \" aria-hidden='true' data-av_icon='\ue845' data-av_iconfont='entypo-fontello'  style='background-color:#ffffff; border:1px solid #ffffff; color:#e6511e; ' ><\/div><div class=\"iconbox_content\"><header class=\"entry-content-header\"><h3 class='iconbox_content_title '  itemprop=\"headline\"   style='color:#ffffff; '>Elternberatung<\/h3><\/header><div class='iconbox_content_container av_inherit_color '  itemprop=\"text\"   style='color:#ffffff; '><p>Rezepte f\u00fcr die \u201eperfekte Erziehung\u201c gibt es nicht. Gerne entwickeln wir aber mit Ihnen zusammen Ideen, wie Sie die Entwicklung Ihres Kindes f\u00f6rdern k\u00f6nnen \u2013 ohne sich selbst zu \u00fcberfordern.<\/p>\n<\/div><\/div><footer class=\"entry-footer\"><\/footer><\/article><\/div><div class=\"flex_column av_one_half  flex_column_div av-zero-column-padding   \" style='border-radius:0px; '><article class=\"iconbox iconbox_left_content    \"  itemscope=\"itemscope\" itemtype=\"https:\/\/schema.org\/CreativeWork\" ><div class=\"iconbox_icon heading-color \" aria-hidden='true' data-av_icon='\ue83f' data-av_iconfont='entypo-fontello'  style='background-color:#ffffff; border:1px solid #ffffff; color:#e6511e; ' ><\/div><div class=\"iconbox_content\"><header class=\"entry-content-header\"><h3 class='iconbox_content_title '  itemprop=\"headline\"   style='color:#ffffff; '>Familientherapie<\/h3><\/header><div class='iconbox_content_container av_inherit_color '  itemprop=\"text\"   style='color:#ffffff; '><p>Ein gutes Zusammenspiel von Eltern und Kindern ist wichtig, klappt aber nicht immer. Wir blicken mit Ihnen auf Situationen im Familienalltag, die regelm\u00e4\u00dfig f\u00fcr \u00c4rger sorgen \u2013 und entwickeln L\u00f6sungsstrategien.<\/p>\n<\/div><\/div><footer class=\"entry-footer\"><\/footer><\/article><\/div><div class=\"flex_column av_one_half  flex_column_div av-zero-column-padding first  \" style='border-radius:0px; '><article class=\"iconbox iconbox_left_content    \"  itemscope=\"itemscope\" itemtype=\"https:\/\/schema.org\/CreativeWork\" ><div class=\"iconbox_icon heading-color \" aria-hidden='true' data-av_icon='\ue821' data-av_iconfont='entypo-fontello'  style='background-color:#ffffff; border:1px solid #ffffff; color:#e6511e; ' ><\/div><div class=\"iconbox_content\"><header class=\"entry-content-header\"><h3 class='iconbox_content_title '  itemprop=\"headline\"   style='color:#ffffff; '>Eingliederung<\/h3><\/header><div class='iconbox_content_container av_inherit_color '  itemprop=\"text\"   style='color:#ffffff; '><p>Wenn die Entwicklung eines Kindes verz\u00f6gert oder beeintr\u00e4chtigt ist, braucht es eine Begleitung im Kindergarten. Wir gehen mit in die Gruppe und unterst\u00fctzen das Kind, damit es dort richtig ankommen kann.<\/p>\n<\/div><\/div><footer class=\"entry-footer\"><\/footer><\/article><\/div>\n<\/div><\/div><\/div><!-- close content main div --><\/div><\/div><\/div><div id='after_section_1' class='main_color av_default_container_wrap container_wrap sidebar_right'   ><div class='container' ><div class='template-page content  av-content-small alpha units'><div class='post-entry post-entry-type-page post-entry-143'><div class='entry-content-wrapper clearfix'>\n<div id='av-masonry-1' class='av-masonry  noHover av-flex-size av-large-gap av-hover-overlay-active av-masonry-col-2 av-caption-always av-caption-style-    ' style='background-color:#92bb46; ' ><div class='av-masonry-container isotope av-js-disabled ' ><div class='av-masonry-entry isotope-item av-masonry-item-no-image '><\/div><a href=\"https:\/\/www.heilpaedagogik-gundelfingen.de\/?portfolio=schukraft\" id='av-masonry-1-item-363' data-av-masonry-item='363' class='av-masonry-entry isotope-item post-363 portfolio type-portfolio status-publish has-post-thumbnail hentry portfolio_entries-service  av-masonry-item-with-image' title=\"Judith Schukraft\"  itemscope=\"itemscope\" itemtype=\"https:\/\/schema.org\/CreativeWork\" ><div class='av-inner-masonry-sizer'><\/div><figure class='av-inner-masonry main_color'><div class=\"av-masonry-outerimage-container\"><div class=\"av-masonry-image-container\" ><img decoding=\"async\" src=\"https:\/\/www.heilpaedagogik-gundelfingen.de\/wp-content\/uploads\/2016\/05\/judith2-511x705.jpg\" title=\"Schukraft\" alt=\"Judith Schukraft\" \/><\/div><\/div><figcaption class='av-inner-masonry-content site-background'><div class='av-inner-masonry-content-pos'><div class='av-inner-masonry-content-pos-content'><div class='avia-arrow'><\/div><h3 class='av-masonry-entry-title entry-title'  itemprop=\"headline\" >Judith Schukraft<\/h3><\/div><\/div><\/figcaption><\/figure><\/a><!--end av-masonry entry--><a href=\"https:\/\/www.heilpaedagogik-gundelfingen.de\/?portfolio=weisser-schaelicke\" id='av-masonry-1-item-364' data-av-masonry-item='364' class='av-masonry-entry isotope-item post-364 portfolio type-portfolio status-publish has-post-thumbnail hentry portfolio_entries-service  av-masonry-item-with-image' title=\"Doris Weisser-Sch\u00e4licke\"  itemscope=\"itemscope\" itemtype=\"https:\/\/schema.org\/CreativeWork\" ><div class='av-inner-masonry-sizer'><\/div><figure class='av-inner-masonry main_color'><div class=\"av-masonry-outerimage-container\"><div class=\"av-masonry-image-container\" ><img decoding=\"async\" src=\"https:\/\/www.heilpaedagogik-gundelfingen.de\/wp-content\/uploads\/2016\/05\/Weisser-HP-Kontakt-599x705.jpg\" title=\"Doris Weisser-Sch\u00e4licke\" alt=\"\" \/><\/div><\/div><figcaption class='av-inner-masonry-content site-background'><div class='av-inner-masonry-content-pos'><div class='av-inner-masonry-content-pos-content'><div class='avia-arrow'><\/div><h3 class='av-masonry-entry-title entry-title'  itemprop=\"headline\" >Doris Weisser-Sch\u00e4licke<\/h3><\/div><\/div><\/figcaption><\/figure><\/a><!--end av-masonry entry--><\/div><\/div>\n<\/div><\/div><\/div><!-- close content main div --><\/div><\/div><div id='av_section_2' class='avia-section alternate_color avia-section-huge avia-no-border-styling av-section-color-overlay-active avia-bg-style-scroll   container_wrap sidebar_right' style = 'background-image: '  ><div class='av-section-color-overlay-wrap'><div class='av-section-color-overlay' style='opacity: 0.8; background-color: #000000; '><\/div><div class='container' ><div class='template-page content  av-content-small alpha units'><div class='post-entry post-entry-type-page post-entry-143'><div class='entry-content-wrapper clearfix'>\n<div class=\"flex_column av_one_fifth  flex_column_div av-zero-column-padding first  \" style='border-radius:0px; '><\/div><div class=\"flex_column av_three_fifth  flex_column_div av-zero-column-padding   \" style='border-radius:0px; '><p><div style='padding-bottom:20px; color:#e6511e;font-size:50px;' class='av-special-heading av-special-heading-h1 custom-color-heading blockquote modern-quote modern-centered  av-inherit-size '><h1 class='av-special-heading-tag '  itemprop=\"headline\"  >Wir freuen uns<br \/>\n\u00fcber Ihren Anruf<\/h1><div class='special-heading-border'><div class='special-heading-inner-border' style='border-color:#e6511e'><\/div><\/div><\/div><br \/>\n<section class=\"av_textblock_section \"  itemscope=\"itemscope\" itemtype=\"https:\/\/schema.org\/CreativeWork\" ><div class='avia_textblock  '   itemprop=\"text\" ><p style=\"text-align: center;\">Einen unverbindlichen Beratungstermin vereinbaren wir am besten am Telefon.<br \/>\nSie erreichen uns unter der 0761 \/ 57998.<br \/>\nGerne k\u00f6nnen Sie auch unser Kontaktformular nutzen.<\/p>\n<\/div><\/section><br \/>\n<div style='height:20px' class='hr hr-invisible  '><span class='hr-inner ' ><span class='hr-inner-style'><\/span><\/span><\/div><br \/>\n<div class='avia-button-wrap avia-button-center '><a href='https:\/\/www.heilpaedagogik-gundelfingen.de\/?page_id=255'  class='avia-button av-icon-on-hover  avia-icon_select-yes-right-icon avia-color-light avia-size-large avia-position-center '   ><span class='avia_iconbox_title' >Ihre Nachricht an uns<\/span><span class='avia_button_icon avia_button_icon_right' aria-hidden='true' data-av_icon='\ue879' data-av_iconfont='entypo-fontello'><\/span><\/a><\/div><\/p><\/div><div class=\"flex_column av_one_fifth  flex_column_div av-zero-column-padding   \" style='border-radius:0px; '><\/div>\n<\/div><\/div><\/div><!-- close content main div --><\/div><\/div><\/div><div id='after_section_2' class='main_color av_default_container_wrap container_wrap sidebar_right'   ><div class='container' ><div class='template-page content  av-content-small alpha units'><div class='post-entry post-entry-type-page post-entry-143'><div class='entry-content-wrapper clearfix'>\n","protected":false},"excerpt":{"rendered":"","protected":false},"author":2,"featured_media":0,"parent":0,"menu_order":0,"comment_status":"closed","ping_status":"closed","template":"","meta":{"footnotes":""},"class_list":["post-143","page","type-page","status-publish","hentry"],"_links":{"self":[{"href":"https:\/\/www.heilpaedagogik-gundelfingen.de\/index.php?rest_route=\/wp\/v2\/pages\/143","targetHints":{"allow":["GET"]}}],"collection":[{"href":"https:\/\/www.heilpaedagogik-gundelfingen.de\/index.php?rest_route=\/wp\/v2\/pages"}],"about":[{"href":"https:\/\/www.heilpaedagogik-gundelfingen.de\/index.php?rest_route=\/wp\/v2\/types\/page"}],"author":[{"embeddable":true,"href":"https:\/\/www.heilpaedagogik-gundelfingen.de\/index.php?rest_route=\/wp\/v2\/users\/2"}],"replies":[{"embeddable":true,"href":"https:\/\/www.heilpaedagogik-gundelfingen.de\/index.php?rest_route=%2Fwp%2Fv2%2Fcomments&post=143"}],"version-history":[{"count":72,"href":"https:\/\/www.heilpaedagogik-gundelfingen.de\/index.php?rest_route=\/wp\/v2\/pages\/143\/revisions"}],"predecessor-version":[{"id":853,"href":"https:\/\/www.heilpaedagogik-gundelfingen.de\/index.php?rest_route=\/wp\/v2\/pages\/143\/revisions\/853"}],"wp:attachment":[{"href":"https:\/\/www.heilpaedagogik-gundelfingen.de\/index.php?rest_route=%2Fwp%2Fv2%2Fmedia&parent=143"}],"curies":[{"name":"wp","href":"https:\/\/api.w.org\/{rel}","templated":true}]}}