{"id":253,"date":"2016-05-23T10:30:12","date_gmt":"2016-05-23T10:30:12","guid":{"rendered":"http:\/\/test.kriesi.at\/enfold-health-coach\/?page_id=253"},"modified":"2025-03-12T18:55:02","modified_gmt":"2025-03-12T17:55:02","slug":"ueber-uns","status":"publish","type":"page","link":"https:\/\/www.heilpaedagogik-gundelfingen.de\/?page_id=253","title":{"rendered":"\u00dcber uns"},"content":{"rendered":"<\/div><\/div><\/div><!-- close content main div --><\/div><\/div><div id='welcome' class='av-layout-grid-container entry-content-wrapper main_color av-fixed-cells    container_wrap sidebar_right'   >\n<div class=\"flex_cell no_margin av_one_fourth   av-zero-padding \" style='height:15px; min-height:15px;vertical-align:top; padding:0px; background-color:#719430; '><div class='flex_cell_inner' ><\/div><\/div><div class=\"flex_cell no_margin av_one_fourth   av-zero-padding \" style='height:15px; min-height:15px;vertical-align:top; padding:0px; background-color:#92bb46; '><div class='flex_cell_inner' ><\/div><\/div><div class=\"flex_cell no_margin av_one_fourth   av-zero-padding \" style='height:15px; min-height:15px;vertical-align:top; padding:0px; background-color:#acd464; '><div class='flex_cell_inner' ><\/div><\/div><div class=\"flex_cell no_margin av_one_fourth   av-zero-padding \" style='height:15px; min-height:15px;vertical-align:top; padding:0px; background-color:#e1fbb2; '><div class='flex_cell_inner' ><\/div><\/div>\n<\/div>\n<\/div><\/div><\/div><!-- close content main div --><\/div><\/div><div id='hello' class='av-layout-grid-container entry-content-wrapper main_color av-flex-cells    container_wrap sidebar_right'   >\n<div class=\"flex_cell no_margin av_one_half   \" style='vertical-align:top; padding:100px; '><div class='flex_cell_inner' ><p><div style='padding-bottom:30px; font-size:50px;' class='av-special-heading av-special-heading-h1  blockquote modern-quote   av-inherit-size '><h1 class='av-special-heading-tag '  itemprop=\"headline\"  >Heilp\u00e4dagogische Praxis <u>f\u00fcr Gundelfingen und Umgebung<\/u><\/h1><div class='special-heading-border'><div class='special-heading-inner-border' ><\/div><\/div><\/div><br \/>\n<section class=\"av_textblock_section \"  itemscope=\"itemscope\" itemtype=\"https:\/\/schema.org\/CreativeWork\" ><div class='avia_textblock  '   itemprop=\"text\" ><p>Worauf Sie sich verlassen k\u00f6nnen: Wir haben viel Erfahrung in der heilp\u00e4dagogischen Arbeit mit Kindern und Jugendlichen, Eltern und Familien. Kein Wunder, denn unsere freie Praxisgemeinschaft in Gundelfingen-Wildtal gibt es schon seit 1986.<\/p>\n<p>Wir arbeiten gerne in unseren hellen und gro\u00dfen R\u00e4umen in der <a href=\"https:\/\/www.google.de\/maps\/place\/Talstra%C3%9Fe+46,+79194+Gundelfingen\/@48.0326612,7.8734603,17z\/data=!4m5!1m2!2m1!1sTalstra%C3%9Fe+46!3m1!1s0x47911c14704e7511:0x8920831ae0b942b4\" target=\"_blank\" rel=\"noopener\">Talstra\u00dfe 46<\/a> mit den Kindern und Jugendlichen. Viele Eins\u00e4tze f\u00fchren uns aber auch in Kinderg\u00e4rten und andere Einrichtungen nach Freiburg, Hochdorf, V\u00f6rstetten, Denzlingen oder ins Glottertal.<\/p>\n<p>Wir, das sind <a href=\"https:\/\/www.heilpaedagogik-gundelfingen.de\/?portfolio=weisser-schaelicke\">Doris Weisser-Sch\u00e4licke<\/a> und <a href=\"https:\/\/www.heilpaedagogik-gundelfingen.de\/?portfolio=schukraft\">Judith Schukraft<\/a> als Praxiseigent\u00fcmer und weitere freie Heilp\u00e4dagoginnen.<\/p>\n<\/div><\/section><br \/>\n<div style='height:10px' class='hr hr-invisible  '><span class='hr-inner ' ><span class='hr-inner-style'><\/span><\/span><\/div><br \/>\n<section class=\"av_textblock_section \"  itemscope=\"itemscope\" itemtype=\"https:\/\/schema.org\/CreativeWork\" ><div class='avia_textblock  av_inherit_color '  style='font-size:25px; color:#e6511e; '  itemprop=\"text\" ><p>F\u00fcr uns z\u00e4hlen die St\u00e4rken der Kinder,<br \/>\nnicht ihre Schw\u00e4chen!<\/p>\n<\/div><\/section><\/p>\n<\/div><\/div><div class=\"flex_cell no_margin av_one_half   avia-full-stretch \" style='background:url(https:\/\/www.heilpaedagogik-gundelfingen.de\/wp-content\/uploads\/2016\/05\/2599260456_cec1f307f7_o-1.jpg) center center no-repeat scroll; vertical-align:top; padding:100px; background-color:#719430; '><div class='flex_cell_inner' ><\/div><\/div><\/div><\/div><\/div><\/div><!-- close content main div --><\/div><\/div><div id='av-layout-grid-3' class='av-layout-grid-container entry-content-wrapper main_color av-flex-cells    container_wrap sidebar_right'   >\n<div class=\"flex_cell no_margin av_one_half   avia-full-stretch av-zero-padding \" style='background:url(https:\/\/www.heilpaedagogik-gundelfingen.de\/wp-content\/uploads\/2016\/05\/4400982390_c904c29055_o-845x684.jpg) center right no-repeat scroll; vertical-align:middle; padding:0px; '><div class='flex_cell_inner' ><\/div><\/div><div class=\"flex_cell no_margin av_one_half   avia-full-contain \" style='vertical-align:middle; padding:100px; '><div class='flex_cell_inner' ><p><div style='padding-bottom:20px; font-size:50px;' class='av-special-heading av-special-heading-h1  blockquote modern-quote   av-inherit-size '><h1 class='av-special-heading-tag '  itemprop=\"headline\"  ><u>Was uns leitet<\/u><\/h1><div class='special-heading-border'><div class='special-heading-inner-border' ><\/div><\/div><\/div><br \/>\n<section class=\"av_textblock_section \"  itemscope=\"itemscope\" itemtype=\"https:\/\/schema.org\/CreativeWork\" ><div class='avia_textblock  '   itemprop=\"text\" ><p>Unsere Arbeit konzentriert sich auf die F\u00e4higkeiten und Fertigkeiten der Kinder und Jugendlichen. Wir suchen nicht nach ihren \u201eFehlern\u201d, um diese zu beheben. Wir arbeiten mit ihren St\u00e4rken. Und die gibt es \u2013 bei jedem!<\/p>\n<p>\u00dcber diese wertsch\u00e4tzende Haltung bauen wir gute Beziehungen zu den Kindern und Jugendlichen auf. F\u00fcr uns gilt: Wenn wir Vertrauen in sie haben, k\u00f6nnen sie Vertrauen in sich entwickeln \u2013 und so Schritt f\u00fcr Schritt eigenst\u00e4ndiger werden.<\/p>\n<p>Durch die heilp\u00e4dagogische Entwicklungsf\u00f6rderung erm\u00f6glichen wir Erfahrungen und entwickeln Strategien f\u00fcr ein gelingendes Miteinander in der Familie und in der Gruppe der Gleichaltrigen.<\/p>\n<\/div><\/section><\/p>\n<\/div><\/div>\n<\/div><\/p>\n<\/div><\/div><\/div><!-- close content main div --><\/div><\/div><div id='welcome' class='av-layout-grid-container entry-content-wrapper main_color av-fixed-cells    container_wrap sidebar_right'   >\n<div class=\"flex_cell no_margin av_one_fourth   av-zero-padding \" style='height:15px; min-height:15px;vertical-align:top; padding:0px; background-color:#719430; '><div class='flex_cell_inner' ><\/div><\/div><div class=\"flex_cell no_margin av_one_fourth   av-zero-padding \" style='height:15px; min-height:15px;vertical-align:top; padding:0px; background-color:#92bb46; '><div class='flex_cell_inner' ><\/div><\/div><div class=\"flex_cell no_margin av_one_fourth   av-zero-padding \" style='height:15px; min-height:15px;vertical-align:top; padding:0px; background-color:#acd464; '><div class='flex_cell_inner' ><\/div><\/div><div class=\"flex_cell no_margin av_one_fourth   av-zero-padding \" style='height:15px; min-height:15px;vertical-align:top; padding:0px; background-color:#e1fbb2; '><div class='flex_cell_inner' ><\/div><\/div>\n<\/div>\n","protected":false},"excerpt":{"rendered":"","protected":false},"author":2,"featured_media":0,"parent":0,"menu_order":0,"comment_status":"closed","ping_status":"closed","template":"","meta":{"footnotes":""},"class_list":["post-253","page","type-page","status-publish","hentry"],"_links":{"self":[{"href":"https:\/\/www.heilpaedagogik-gundelfingen.de\/index.php?rest_route=\/wp\/v2\/pages\/253","targetHints":{"allow":["GET"]}}],"collection":[{"href":"https:\/\/www.heilpaedagogik-gundelfingen.de\/index.php?rest_route=\/wp\/v2\/pages"}],"about":[{"href":"https:\/\/www.heilpaedagogik-gundelfingen.de\/index.php?rest_route=\/wp\/v2\/types\/page"}],"author":[{"embeddable":true,"href":"https:\/\/www.heilpaedagogik-gundelfingen.de\/index.php?rest_route=\/wp\/v2\/users\/2"}],"replies":[{"embeddable":true,"href":"https:\/\/www.heilpaedagogik-gundelfingen.de\/index.php?rest_route=%2Fwp%2Fv2%2Fcomments&post=253"}],"version-history":[{"count":20,"href":"https:\/\/www.heilpaedagogik-gundelfingen.de\/index.php?rest_route=\/wp\/v2\/pages\/253\/revisions"}],"predecessor-version":[{"id":857,"href":"https:\/\/www.heilpaedagogik-gundelfingen.de\/index.php?rest_route=\/wp\/v2\/pages\/253\/revisions\/857"}],"wp:attachment":[{"href":"https:\/\/www.heilpaedagogik-gundelfingen.de\/index.php?rest_route=%2Fwp%2Fv2%2Fmedia&parent=253"}],"curies":[{"name":"wp","href":"https:\/\/api.w.org\/{rel}","templated":true}]}}