{"id":255,"date":"2016-05-23T10:30:24","date_gmt":"2016-05-23T10:30:24","guid":{"rendered":"http:\/\/test.kriesi.at\/enfold-health-coach\/?page_id=255"},"modified":"2024-09-10T13:34:00","modified_gmt":"2024-09-10T11:34:00","slug":"kontakt","status":"publish","type":"page","link":"https:\/\/www.heilpaedagogik-gundelfingen.de\/?page_id=255","title":{"rendered":"Kontakt"},"content":{"rendered":"<\/div><\/div><\/div><!-- close content main div --><\/div><\/div><div id='welcome' class='av-layout-grid-container entry-content-wrapper main_color av-fixed-cells    container_wrap sidebar_right'   >\n<div class=\"flex_cell no_margin av_one_fourth   av-zero-padding \" style='height:15px; min-height:15px;vertical-align:top; padding:0px; background-color:#719430; '><div class='flex_cell_inner' ><\/div><\/div><div class=\"flex_cell no_margin av_one_fourth   av-zero-padding \" style='height:15px; min-height:15px;vertical-align:top; padding:0px; background-color:#92bb46; '><div class='flex_cell_inner' ><\/div><\/div><div class=\"flex_cell no_margin av_one_fourth   av-zero-padding \" style='height:15px; min-height:15px;vertical-align:top; padding:0px; background-color:#acd464; '><div class='flex_cell_inner' ><\/div><\/div><div class=\"flex_cell no_margin av_one_fourth   av-zero-padding \" style='height:15px; min-height:15px;vertical-align:top; padding:0px; background-color:#e1fbb2; '><div class='flex_cell_inner' ><\/div><\/div>\n<\/div>\n<\/div><\/div><\/div><!-- close content main div --><\/div><\/div><div id='hello' class='av-layout-grid-container entry-content-wrapper main_color av-flex-cells    container_wrap sidebar_right'   >\n<div class=\"flex_cell no_margin av_two_fifth   \" style='vertical-align:top; padding:100px; '><div class='flex_cell_inner' ><p><div style='padding-bottom:30px; font-size:65px;' class='av-special-heading av-special-heading-h1  blockquote modern-quote   av-inherit-size '><h1 class='av-special-heading-tag  av-medium-font-size-overwrite av-medium-font-size-40 av-small-font-size-overwrite av-small-font-size-40 av-mini-font-size-overwrite av-mini-font-size-20'  itemprop=\"headline\"  ><u>Schreiben Sie uns<\/u><\/h1><div class='special-heading-border'><div class='special-heading-inner-border' ><\/div><\/div><\/div><br \/>\n<section class=\"av_textblock_section \"  itemscope=\"itemscope\" itemtype=\"https:\/\/schema.org\/CreativeWork\" ><div class='avia_textblock  '   itemprop=\"text\" ><p>Sie wollen uns eine kurze Nachricht schreiben oder haben eine Terminanfrage? Nutzen Sie dazu unser Kontaktformular.<\/p>\n<p>Gerne k\u00f6nnen Sie uns auch anrufen. Falls Sie uns nicht gleich erreichen, hinterlassen Sie Ihr Anliegen auf dem Anrufbeantworter. Wir melden uns baldm\u00f6glichst bei Ihnen.<\/p>\n<p><strong>Heilp\u00e4dagogische Praxis Gundelfingen<\/strong><br \/>\n<strong> Talstra\u00dfe 46<\/strong><br \/>\n<strong> 79194 Gundelfingen-Wildtal<\/strong><\/p>\n<p><strong>Telefon 0761\/57998<\/strong><br \/>\n<a href=\"mailto:praxis@heilpaedagogik-gundelfingen.de\">praxis@heilpaedagogik-gundelfingen.de<\/a><\/p>\n<\/div><\/section><br \/>\n<div style='height:20px' class='hr hr-invisible  '><span class='hr-inner ' ><span class='hr-inner-style'><\/span><\/span><\/div><\/p>\n<\/div><\/div><div class=\"flex_cell no_margin av_three_fifth   avia-full-stretch \" style='vertical-align:top; padding:50px; background-color:#719430; '><div class='flex_cell_inner' ><div class=\"flex_column av_one_full  avia-full-contain flex_column_div first  \" style='padding:50px; background-color:#ffffff; border-radius:0px; '><section class=\"av_textblock_section \"  itemscope=\"itemscope\" itemtype=\"https:\/\/schema.org\/CreativeWork\" ><div class='avia_textblock  '   itemprop=\"text\" >\n<div class=\"wpcf7 no-js\" id=\"wpcf7-f813-o1\" lang=\"de-DE\" dir=\"ltr\" data-wpcf7-id=\"813\">\n<div class=\"screen-reader-response\"><p role=\"status\" aria-live=\"polite\" aria-atomic=\"true\"><\/p> <ul><\/ul><\/div>\n<form action=\"\/index.php?rest_route=%2Fwp%2Fv2%2Fpages%2F255#wpcf7-f813-o1\" method=\"post\" class=\"wpcf7-form init\" aria-label=\"Kontaktformular\" novalidate=\"novalidate\" data-status=\"init\">\n<div style=\"display: none;\">\n<input type=\"hidden\" name=\"_wpcf7\" value=\"813\" \/>\n<input type=\"hidden\" name=\"_wpcf7_version\" value=\"6.0.5\" \/>\n<input type=\"hidden\" name=\"_wpcf7_locale\" value=\"de_DE\" \/>\n<input type=\"hidden\" name=\"_wpcf7_unit_tag\" value=\"wpcf7-f813-o1\" \/>\n<input type=\"hidden\" name=\"_wpcf7_container_post\" value=\"0\" \/>\n<input type=\"hidden\" name=\"_wpcf7_posted_data_hash\" value=\"\" \/>\n<input type=\"hidden\" name=\"_wpcf7_recaptcha_response\" value=\"\" \/>\n<\/div>\n<h1>Ihre Nachricht an uns\n<\/h1>\n<p>Wir freuen uns \u00fcber Ihre Anfrage. Bitte senden Sie uns \u00fcber diesen Weg keine vertraulichen Daten, sondern nur die Information, wie wir Sie erreichen k\u00f6nnen. Wir melden uns baldm\u00f6glichst bei Ihnen.\n<\/p>\n<p><label> Name<br \/>\n<span class=\"wpcf7-form-control-wrap\" data-name=\"your-name\"><input size=\"40\" maxlength=\"400\" class=\"wpcf7-form-control wpcf7-text wpcf7-validates-as-required\" aria-required=\"true\" aria-invalid=\"false\" value=\"\" type=\"text\" name=\"your-name\" \/><\/span> <\/label>\n<\/p>\n<p><label> Ihre E-Mail-Adresse<br \/>\n<span class=\"wpcf7-form-control-wrap\" data-name=\"your-email\"><input size=\"40\" maxlength=\"400\" class=\"wpcf7-form-control wpcf7-email wpcf7-validates-as-required wpcf7-text wpcf7-validates-as-email\" aria-required=\"true\" aria-invalid=\"false\" value=\"\" type=\"email\" name=\"your-email\" \/><\/span> <\/label>\n<\/p>\n<p><label> Betreff<br \/>\n<span class=\"wpcf7-form-control-wrap\" data-name=\"your-subject\"><input size=\"40\" maxlength=\"400\" class=\"wpcf7-form-control wpcf7-text wpcf7-validates-as-required\" aria-required=\"true\" aria-invalid=\"false\" value=\"\" type=\"text\" name=\"your-subject\" \/><\/span> <\/label>\n<\/p>\n<p><label> Ihre Nachricht an uns<br \/>\n<span class=\"wpcf7-form-control-wrap\" data-name=\"your-message\"><textarea cols=\"40\" rows=\"10\" maxlength=\"2000\" class=\"wpcf7-form-control wpcf7-textarea\" aria-invalid=\"false\" name=\"your-message\"><\/textarea><\/span> <\/label>\n<\/p>\n<p><span class=\"wpcf7-form-control-wrap\" data-name=\"accept-this-1\"><span class=\"wpcf7-form-control wpcf7-acceptance\"><span class=\"wpcf7-list-item\"><label><input type=\"checkbox\" name=\"accept-this-1\" value=\"1\" aria-invalid=\"false\" \/><span class=\"wpcf7-list-item-label\">Ich habe die Datenschutzerkl\u00e4rung gelesen und stimme ihr zu.<\/span><\/label><\/span><\/span><\/span>\n<\/p>\n<p><input class=\"wpcf7-form-control wpcf7-submit has-spinner\" type=\"submit\" value=\"Senden\" \/>\n<\/p>\n<p style=\"display: none !important;\" class=\"akismet-fields-container\" data-prefix=\"_wpcf7_ak_\"><label>&#916;<textarea name=\"_wpcf7_ak_hp_textarea\" cols=\"45\" rows=\"8\" maxlength=\"100\"><\/textarea><\/label><input type=\"hidden\" id=\"ak_js_1\" name=\"_wpcf7_ak_js\" value=\"144\"\/><script>document.getElementById( \"ak_js_1\" ).setAttribute( \"value\", ( new Date() ).getTime() );<\/script><\/p><div class=\"wpcf7-response-output\" aria-hidden=\"true\"><\/div>\n<\/form>\n<\/div>\n\n<\/div><\/section><\/div>\n<\/div><\/div><\/div><div class=\"av_gmaps_sc_main_wrap av_gmaps_main_wrap\"><div id='av_gmap_0' class='avia-google-map-container avia-google-map-sc av_gmaps_show_unconditionally av-no-fallback-img ' data-mapid='av_gmap_0'  style='height: 500px;'><a class=\"av_gmaps_browser_disabled av_text_confirm_link av_text_confirm_link_visible\" href=\"https:\/\/www.google.com\/maps\/search\/?api=1&#038;query=Talstra\u00dfe%2040%20%2079194%20%20Gundelfingen\" target=\"_blank\">Maps were disabled by the visitor on this site.<\/a><\/div><\/div><\/p>\n<\/div><\/div><\/div><!-- close content main div --><\/div><\/div><div id='welcome' class='av-layout-grid-container entry-content-wrapper main_color av-fixed-cells    container_wrap sidebar_right'   >\n<div class=\"flex_cell no_margin av_one_fourth   av-zero-padding \" style='height:15px; min-height:15px;vertical-align:top; padding:0px; background-color:#719430; '><div class='flex_cell_inner' ><\/div><\/div><div class=\"flex_cell no_margin av_one_fourth   av-zero-padding \" style='height:15px; min-height:15px;vertical-align:top; padding:0px; background-color:#92bb46; '><div class='flex_cell_inner' ><\/div><\/div><div class=\"flex_cell no_margin av_one_fourth   av-zero-padding \" style='height:15px; min-height:15px;vertical-align:top; padding:0px; background-color:#acd464; '><div class='flex_cell_inner' ><\/div><\/div><div class=\"flex_cell no_margin av_one_fourth   av-zero-padding \" style='height:15px; min-height:15px;vertical-align:top; padding:0px; background-color:#e1fbb2; '><div class='flex_cell_inner' ><\/div><\/div>\n<\/div>\n","protected":false},"excerpt":{"rendered":"","protected":false},"author":2,"featured_media":0,"parent":0,"menu_order":0,"comment_status":"closed","ping_status":"closed","template":"","meta":{"footnotes":""},"class_list":["post-255","page","type-page","status-publish","hentry"],"_links":{"self":[{"href":"https:\/\/www.heilpaedagogik-gundelfingen.de\/index.php?rest_route=\/wp\/v2\/pages\/255","targetHints":{"allow":["GET"]}}],"collection":[{"href":"https:\/\/www.heilpaedagogik-gundelfingen.de\/index.php?rest_route=\/wp\/v2\/pages"}],"about":[{"href":"https:\/\/www.heilpaedagogik-gundelfingen.de\/index.php?rest_route=\/wp\/v2\/types\/page"}],"author":[{"embeddable":true,"href":"https:\/\/www.heilpaedagogik-gundelfingen.de\/index.php?rest_route=\/wp\/v2\/users\/2"}],"replies":[{"embeddable":true,"href":"https:\/\/www.heilpaedagogik-gundelfingen.de\/index.php?rest_route=%2Fwp%2Fv2%2Fcomments&post=255"}],"version-history":[{"count":30,"href":"https:\/\/www.heilpaedagogik-gundelfingen.de\/index.php?rest_route=\/wp\/v2\/pages\/255\/revisions"}],"predecessor-version":[{"id":851,"href":"https:\/\/www.heilpaedagogik-gundelfingen.de\/index.php?rest_route=\/wp\/v2\/pages\/255\/revisions\/851"}],"wp:attachment":[{"href":"https:\/\/www.heilpaedagogik-gundelfingen.de\/index.php?rest_route=%2Fwp%2Fv2%2Fmedia&parent=255"}],"curies":[{"name":"wp","href":"https:\/\/api.w.org\/{rel}","templated":true}]}}