{"id":257,"date":"2016-05-23T10:30:48","date_gmt":"2016-05-23T10:30:48","guid":{"rendered":"http:\/\/test.kriesi.at\/enfold-health-coach\/?page_id=257"},"modified":"2017-12-03T21:13:50","modified_gmt":"2017-12-03T20:13:50","slug":"faq","status":"publish","type":"page","link":"https:\/\/www.heilpaedagogik-gundelfingen.de\/?page_id=257","title":{"rendered":"Oft gestellte Fragen"},"content":{"rendered":"<\/div><\/div><\/div><!-- close content main div --><\/div><\/div><div id='welcome' class='av-layout-grid-container entry-content-wrapper main_color av-fixed-cells    container_wrap sidebar_right'   >\n<div class=\"flex_cell no_margin av_one_fourth   av-zero-padding \" style='height:15px; min-height:15px;vertical-align:top; padding:0px; background-color:#719430; '><div class='flex_cell_inner' ><\/div><\/div><div class=\"flex_cell no_margin av_one_fourth   av-zero-padding \" style='height:15px; min-height:15px;vertical-align:top; padding:0px; background-color:#92bb46; '><div class='flex_cell_inner' ><\/div><\/div><div class=\"flex_cell no_margin av_one_fourth   av-zero-padding \" style='height:15px; min-height:15px;vertical-align:top; padding:0px; background-color:#acd464; '><div class='flex_cell_inner' ><\/div><\/div><div class=\"flex_cell no_margin av_one_fourth   av-zero-padding \" style='height:15px; min-height:15px;vertical-align:top; padding:0px; background-color:#e1fbb2; '><div class='flex_cell_inner' ><\/div><\/div>\n<\/div>\n<\/div><\/div><\/div><!-- close content main div --><\/div><\/div><div id='av_section_1' class='avia-section main_color avia-section-large avia-no-border-styling avia-bg-style-scroll   container_wrap sidebar_right' style = 'background-image: '  ><div class='container' ><div class='template-page content  av-content-small alpha units'><div class='post-entry post-entry-type-page post-entry-257'><div class='entry-content-wrapper clearfix'>\n<div style='padding-bottom:20px; font-size:50px;' class='av-special-heading av-special-heading-h1  blockquote modern-quote modern-centered   av-inherit-size '><h1 class='av-special-heading-tag '  itemprop=\"headline\"  ><u>H\u00e4ufig gestellte<\/u> Fragen<\/h1><div class='special-heading-border'><div class='special-heading-inner-border' ><\/div><\/div><\/div>\n<div style='height:50px' class='hr hr-invisible  '><span class='hr-inner ' ><span class='hr-inner-style'><\/span><\/span><\/div>\n<div class=\"flex_column av_one_half  flex_column_div av-zero-column-padding first  \" style='border-radius:0px; '><article class=\"iconbox iconbox_left_content    \"  itemscope=\"itemscope\" itemtype=\"https:\/\/schema.org\/CreativeWork\" ><div class=\"iconbox_icon heading-color \" aria-hidden='true' data-av_icon='\ue81d' data-av_iconfont='entypo-fontello'  ><\/div><div class=\"iconbox_content\"><header class=\"entry-content-header\"><h3 class='iconbox_content_title '  itemprop=\"headline\"  >Wann braucht mein Kind eine heilp\u00e4dagogische Begleitung?<\/h3><\/header><div class='iconbox_content_container  '  itemprop=\"text\"  ><p>Wenn Sie sich als Eltern Gedanken oder Sorgen um die Entwicklung Ihres Kindes machen oder wenn Sie von \u00c4rzten, Erziehern oder Lehrern auf Schwierigkeiten im Verhalten Ihres Kindes hingewiesen werden, sollten Sie sich um eine heilp\u00e4dagogische Unterst\u00fctzung k\u00fcmmern. Wir f\u00f6rdern Kinder, die weit hinter ihren M\u00f6glichkeiten zur\u00fcckbleiben, weil sie \u00fcber\u00e4ngstlich sind und kein Selbstbewusstsein entwickeln oder schnell w\u00fctend und aggressiv werden, sehr unruhig sind und sich nicht konzentrieren k\u00f6nnen. Auch Kinder mit einer Behinderung, mit traumatischen Erfahrungen, Pflegekinder oder fr\u00fchgeborene Kinder sind bei uns richtig.<\/p>\n<p>Gerne kl\u00e4ren wir in einem unverbindlichen Gespr\u00e4ch, ob Heilp\u00e4dagogik die passende Therapie f\u00fcr Ihr Kind ist. <a href=\"https:\/\/www.heilpaedagogik-gundelfingen.de\/?page_id=255\">Melden Sie sich bei uns.<\/a><\/p>\n<p><span lang=\"DE\"><br \/>\n<\/span><\/p>\n<\/div><\/div><footer class=\"entry-footer\"><\/footer><\/article><\/div><div class=\"flex_column av_one_half  flex_column_div av-zero-column-padding   \" style='border-radius:0px; '><article class=\"iconbox iconbox_left_content    \"  itemscope=\"itemscope\" itemtype=\"https:\/\/schema.org\/CreativeWork\" ><div class=\"iconbox_icon heading-color \" aria-hidden='true' data-av_icon='\ue81d' data-av_iconfont='entypo-fontello'  ><\/div><div class=\"iconbox_content\"><header class=\"entry-content-header\"><h3 class='iconbox_content_title '  itemprop=\"headline\"  >Wie bekommt mein Kind eine heilp\u00e4dagogische F\u00f6rderung?<\/h3><\/header><div class='iconbox_content_container  '  itemprop=\"text\"  ><p>Wenn Sie das Gef\u00fchl haben, dass sich Ihr Kind nicht altersgem\u00e4\u00df entwickelt, kontaktieren Sie Ihren Kinderarzt. Er oder sie wird Ihr Kind untersuchen und abkl\u00e4ren, ob eine heilp\u00e4dagogische Unterst\u00fctzung angebracht ist. Zur genaueren Diagnostik kann er Sie auch an das <a href=\"https:\/\/www.uniklinik-freiburg.de\/paed-neuro\/neuropaediatrische-ambulanz-und-sozialpaediatrisches-zentrum\/sozialpaediatrisches-zentrum-spz.html\" target=\"_blank\" rel=\"noopener\">SPZ der Universit\u00e4t Freiburg <\/a>\u00fcberweisen.<br \/>\nWenn der Arzt eine heilp\u00e4dagogische F\u00f6rderung empfiehlt, k\u00f6nnen Sie diese beim Sozial- oder Jugendamt der Stadt Freiburg, des Landkreises Emmendingen oder <a href=\"http:\/\/www.breisgau-hochschwarzwald.de\/pb\/Breisgau-Hochschwarzwald,Lde\/-\/BWW+service_bw\/;amtsID6013456\" target=\"_blank\" rel=\"noopener\">Breisgau-Hochschwarzwald<\/a> beantragen. Gerne beraten wir Sie \u00fcber Details des Verfahrens. <a href=\"https:\/\/www.heilpaedagogik-gundelfingen.de\/?page_id=255\">Rufen Sie uns an.<\/a><\/p>\n<\/div><\/div><footer class=\"entry-footer\"><\/footer><\/article><\/div><div class=\"flex_column av_one_half  flex_column_div av-zero-column-padding first  \" style='border-radius:0px; '><article class=\"iconbox iconbox_left_content    \"  itemscope=\"itemscope\" itemtype=\"https:\/\/schema.org\/CreativeWork\" ><div class=\"iconbox_icon heading-color \" aria-hidden='true' data-av_icon='\ue81d' data-av_iconfont='entypo-fontello'  ><\/div><div class=\"iconbox_content\"><header class=\"entry-content-header\"><h3 class='iconbox_content_title '  itemprop=\"headline\"  >Wer bezahlt die heilp\u00e4dagogische F\u00f6rderung?<\/h3><\/header><div class='iconbox_content_container  '  itemprop=\"text\"  ><p>Die Kosten f\u00fcr eine heilp\u00e4dagogische F\u00f6rderung \u00fcbernimmt bei <em>vorschulpflichtigen Kindern <\/em>das Sozialamt der Stadt Freiburg, des Landkreises Emmendingen oder Breisgau-Hochschwarzwald. Voraussetzung f\u00fcr einen Antrag der Eltern beim Amt ist eine umfassende Untersuchung durch den Kinderarzt oder ein Sozialp\u00e4diatrisches Zentrum. Die heilp\u00e4dagogische F\u00f6rderung wird als <em>Eingliederungshilfe <\/em>gew\u00e4hrt, wenn eine wesentliche geistige, k\u00f6rperliche oder seelische Behinderung besteht oder das Kind von einer solchen bedroht ist (nach \u00a7 53 des Sozialgesetzbuches XII).<\/p>\n<p>Bei <em>Schulkindern <\/em>wird die heilp\u00e4dagogische F\u00f6rderung als <em>Eingliederungshilfe <\/em>f\u00fcr seelisch behinderte Kinder und Jugendliche nach \u00a7 35 a Abs. 2 Nr. 1 Sozialgesetzbuch VIII gew\u00e4hrt. Voraussetzung ist die Stellungnahme eines Kinder- und Jugendpsychiaters, der Kinder- und Jugendpsychiatrie oder eines approbierten Kinder- und Jugendlichen-Psychotherapeuten.<\/p>\n<p>Einige unserer Leistungen k\u00f6nnen Sie auch privat bezahlen.<\/p>\n<\/div><\/div><footer class=\"entry-footer\"><\/footer><\/article><\/div><div class=\"flex_column av_one_half  flex_column_div av-zero-column-padding   \" style='border-radius:0px; '><article class=\"iconbox iconbox_left_content    \"  itemscope=\"itemscope\" itemtype=\"https:\/\/schema.org\/CreativeWork\" ><div class=\"iconbox_icon heading-color \" aria-hidden='true' data-av_icon='\ue81d' data-av_iconfont='entypo-fontello'  ><\/div><div class=\"iconbox_content\"><header class=\"entry-content-header\"><h3 class='iconbox_content_title '  itemprop=\"headline\"  >Wer bekommt Informationen \u00fcber mich und mein Kind?<\/h3><\/header><div class='iconbox_content_container  '  itemprop=\"text\"  ><p>Uns ist wichtig, dass Sie Vertrauen in uns und unsere Arbeit haben. Deshalb bleiben unsere Gespr\u00e4che und die Inhalte der Behandlung streng vertraulich. Lediglich das Sozial- oder Jugendamt, das die Ma\u00dfnahme bewilligt und finanziert, bekommt von uns einen Entwicklungsbericht.<\/p>\n<p>Im Interesse einer Gesamtentwicklung der Kinder und Jugendlichen ist es oft sinnvoll, mit Schulen und Kinderg\u00e4rten, Fach\u00e4rzten, Beratungsstellen sowie logop\u00e4dischen, krankengymnastischen und ergotherapeutischen Praxen zusammen zu arbeiten. Das machen wir allerdings nur, wenn Sie uns von der Schweigepflicht entbinden.<\/p>\n<\/div><\/div><footer class=\"entry-footer\"><\/footer><\/article><\/div><div class=\"flex_column av_one_half  flex_column_div av-zero-column-padding first  \" style='border-radius:0px; '><article class=\"iconbox iconbox_left_content    \"  itemscope=\"itemscope\" itemtype=\"https:\/\/schema.org\/CreativeWork\" ><div class=\"iconbox_icon heading-color \" aria-hidden='true' data-av_icon='\ue81d' data-av_iconfont='entypo-fontello'  ><\/div><div class=\"iconbox_content\"><header class=\"entry-content-header\"><h3 class='iconbox_content_title '  itemprop=\"headline\"  >Wie lange l\u00e4uft eine heilp\u00e4dagogische F\u00f6rderung?<\/h3><\/header><div class='iconbox_content_container  '  itemprop=\"text\"  ><p>In der Regel bewilligt das Sozial- oder Jugendamt die Ma\u00dfnahme zun\u00e4chst f\u00fcr einen bestimmten Zeitraum (zum Beispiel ein Jahr). Danach entscheidet das Amt auf Basis unseres Entwicklungsberichtes und gegebenenfalls weiterer Untersuchungen ob die heilp\u00e4dagogische F\u00f6rderung fortgef\u00fchrt wird \u2013 oder ob andere Hilfen n\u00f6tig sind.<\/p>\n<\/div><\/div><footer class=\"entry-footer\"><\/footer><\/article><\/div><div class=\"flex_column av_one_half  flex_column_div av-zero-column-padding   \" style='border-radius:0px; '><article class=\"iconbox iconbox_left_content    \"  itemscope=\"itemscope\" itemtype=\"https:\/\/schema.org\/CreativeWork\" ><div class=\"iconbox_icon heading-color \" aria-hidden='true' data-av_icon='\ue81d' data-av_iconfont='entypo-fontello'  ><\/div><div class=\"iconbox_content\"><header class=\"entry-content-header\"><h3 class='iconbox_content_title '  itemprop=\"headline\"  >Bieten Sie auch Diagnostik an?<\/h3><\/header><div class='iconbox_content_container  '  itemprop=\"text\"  ><p>Nein. Wenn eine ausf\u00fchrliche Diagnose n\u00f6tig ist, um den Entwicklungs- und\/oder Leistungsstand bei einem Kind oder Jugendlichen abzukl\u00e4ren, verweisen wir an Fach\u00e4rzte, das <a href=\"https:\/\/www.uniklinik-freiburg.de\/paed-neuro\/neuropaediatrische-ambulanz-und-sozialpaediatrisches-zentrum\/sozialpaediatrisches-zentrum-spz.html\">Sozialp\u00e4diatrische Zentrum der Uniklink Freiburg<\/a> (SPZ) oder andere Beratungsstellen.<\/p>\n<\/div><\/div><footer class=\"entry-footer\"><\/footer><\/article><\/div><\/div><\/div><\/div><!-- close content main div --><\/div><\/div><div id='after_section_1' class='main_color av_default_container_wrap container_wrap sidebar_right'   ><div class='container' ><div class='template-page content  av-content-small alpha units'><div class='post-entry post-entry-type-page post-entry-257'><div class='entry-content-wrapper clearfix'><\/div><\/div><\/div><!-- close content main div --><\/div><\/div><div id='av-layout-grid-2' class='av-layout-grid-container entry-content-wrapper main_color av-flex-cells    container_wrap sidebar_right'   >\n<div class=\"flex_cell no_margin av_one_half   avia-full-stretch av-zero-padding \" style='background:url(https:\/\/www.heilpaedagogik-gundelfingen.de\/wp-content\/uploads\/2016\/05\/15441286973_3fe20028c5_k-845x321.jpg) center left no-repeat scroll; vertical-align:middle; padding:0px; '><div class='flex_cell_inner' ><\/div><\/div><div class=\"flex_cell no_margin av_one_half   \" style='vertical-align:middle; padding:100px; background-color:#f7f7f7; '><div class='flex_cell_inner' ><p><div style='padding-bottom:20px; font-size:50px;' class='av-special-heading av-special-heading-h1  blockquote modern-quote   av-inherit-size '><h1 class='av-special-heading-tag '  itemprop=\"headline\"  ><u>Noch Fragen offen?<\/u><\/h1><div class='special-heading-border'><div class='special-heading-inner-border' ><\/div><\/div><\/div><br \/>\n<section class=\"av_textblock_section \"  itemscope=\"itemscope\" itemtype=\"https:\/\/schema.org\/CreativeWork\" ><div class='avia_textblock  '   itemprop=\"text\" ><p>Rufen Sie uns unter der Telefonnummer 0761\/57998 an und vereinbaren Sie mit uns einen Termin. Oder senden Sie uns eine Nachricht \u00fcber unser <a href=\"https:\/\/www.heilpaedagogik-gundelfingen.de\/?page_id=255\">Kontaktformular.<\/a><\/p>\n<\/div><\/section><\/p>\n<\/div><\/div><\/div><\/p>\n","protected":false},"excerpt":{"rendered":"","protected":false},"author":2,"featured_media":0,"parent":0,"menu_order":0,"comment_status":"closed","ping_status":"closed","template":"","meta":{"footnotes":""},"class_list":["post-257","page","type-page","status-publish","hentry"],"_links":{"self":[{"href":"https:\/\/www.heilpaedagogik-gundelfingen.de\/index.php?rest_route=\/wp\/v2\/pages\/257","targetHints":{"allow":["GET"]}}],"collection":[{"href":"https:\/\/www.heilpaedagogik-gundelfingen.de\/index.php?rest_route=\/wp\/v2\/pages"}],"about":[{"href":"https:\/\/www.heilpaedagogik-gundelfingen.de\/index.php?rest_route=\/wp\/v2\/types\/page"}],"author":[{"embeddable":true,"href":"https:\/\/www.heilpaedagogik-gundelfingen.de\/index.php?rest_route=\/wp\/v2\/users\/2"}],"replies":[{"embeddable":true,"href":"https:\/\/www.heilpaedagogik-gundelfingen.de\/index.php?rest_route=%2Fwp%2Fv2%2Fcomments&post=257"}],"version-history":[{"count":14,"href":"https:\/\/www.heilpaedagogik-gundelfingen.de\/index.php?rest_route=\/wp\/v2\/pages\/257\/revisions"}],"predecessor-version":[{"id":704,"href":"https:\/\/www.heilpaedagogik-gundelfingen.de\/index.php?rest_route=\/wp\/v2\/pages\/257\/revisions\/704"}],"wp:attachment":[{"href":"https:\/\/www.heilpaedagogik-gundelfingen.de\/index.php?rest_route=%2Fwp%2Fv2%2Fmedia&parent=257"}],"curies":[{"name":"wp","href":"https:\/\/api.w.org\/{rel}","templated":true}]}}